{"id":244,"date":"2022-05-06T12:30:26","date_gmt":"2022-05-06T10:30:26","guid":{"rendered":"https:\/\/nurekservice.pl\/\/certyfikaty\/"},"modified":"2024-02-09T14:37:07","modified_gmt":"2024-02-09T13:37:07","slug":"zertifikate","status":"publish","type":"page","link":"https:\/\/nurekservice.pl\/de\/zertifikate\/","title":{"rendered":"Unsere Zertifikate"},"content":{"rendered":"","protected":false},"excerpt":{"rendered":"","protected":false},"author":1,"featured_media":0,"parent":0,"menu_order":0,"comment_status":"closed","ping_status":"closed","template":"template-parts\/modul-certyfikaty.php","meta":{"footnotes":""},"class_list":["post-244","page","type-page","status-publish","hentry"],"yoast_head":"<!-- This site is optimized with the Yoast SEO plugin v26.2 - https:\/\/yoast.com\/wordpress\/plugins\/seo\/ -->\n<title>Unsere Zertifikate - NUREK SERVICE Szczecin<\/title>\n<meta name=\"robots\" content=\"index, follow, max-snippet:-1, max-image-preview:large, max-video-preview:-1\" \/>\n<link rel=\"canonical\" href=\"https:\/\/nurekservice.pl\/certyfikaty\/\" \/>\n<meta property=\"og:locale\" content=\"de_DE\" \/>\n<meta property=\"og:type\" content=\"article\" \/>\n<meta property=\"og:title\" content=\"Unsere Zertifikate - NUREK SERVICE Szczecin\" \/>\n<meta property=\"og:url\" content=\"https:\/\/nurekservice.pl\/certyfikaty\/\" \/>\n<meta property=\"og:site_name\" content=\"NUREK SERVICE Szczecin\" \/>\n<meta property=\"article:modified_time\" content=\"2024-02-09T13:37:07+00:00\" \/>\n<meta name=\"twitter:card\" content=\"summary_large_image\" \/>\n<script type=\"application\/ld+json\" class=\"yoast-schema-graph\">{\"@context\":\"https:\/\/schema.org\",\"@graph\":[{\"@type\":\"WebPage\",\"@id\":\"https:\/\/nurekservice.pl\/certyfikaty\/\",\"url\":\"https:\/\/nurekservice.pl\/certyfikaty\/\",\"name\":\"Unsere Zertifikate - NUREK SERVICE Szczecin\",\"isPartOf\":{\"@id\":\"https:\/\/nurekservice.pl\/#website\"},\"datePublished\":\"2022-05-06T10:30:26+00:00\",\"dateModified\":\"2024-02-09T13:37:07+00:00\",\"breadcrumb\":{\"@id\":\"https:\/\/nurekservice.pl\/certyfikaty\/#breadcrumb\"},\"inLanguage\":\"de\",\"potentialAction\":[{\"@type\":\"ReadAction\",\"target\":[\"https:\/\/nurekservice.pl\/certyfikaty\/\"]}]},{\"@type\":\"BreadcrumbList\",\"@id\":\"https:\/\/nurekservice.pl\/certyfikaty\/#breadcrumb\",\"itemListElement\":[{\"@type\":\"ListItem\",\"position\":1,\"name\":\"Strona g\u0142\u00f3wna\",\"item\":\"https:\/\/nurekservice.pl\/\"},{\"@type\":\"ListItem\",\"position\":2,\"name\":\"Unsere Zertifikate\"}]},{\"@type\":\"WebSite\",\"@id\":\"https:\/\/nurekservice.pl\/#website\",\"url\":\"https:\/\/nurekservice.pl\/\",\"name\":\"NUREK SERVICE Szczecin\",\"description\":\"Zapewniamy najwy\u017cszej klasy us\u0142ugi in\u017cynieryjne, hydrotechniczne i konserwatorskie jednostek p\u0142ywaj\u0105cych, a tak\u017ce specjalistyczne prace nurkowe dopasowane do r\u00f3\u017cnorodnych ga\u0142\u0119zi przemys\u0142u i klient\u00f3w indywidualnych.\",\"publisher\":{\"@id\":\"https:\/\/nurekservice.pl\/#organization\"},\"potentialAction\":[{\"@type\":\"SearchAction\",\"target\":{\"@type\":\"EntryPoint\",\"urlTemplate\":\"https:\/\/nurekservice.pl\/?s={search_term_string}\"},\"query-input\":{\"@type\":\"PropertyValueSpecification\",\"valueRequired\":true,\"valueName\":\"search_term_string\"}}],\"inLanguage\":\"de\"},{\"@type\":\"Organization\",\"@id\":\"https:\/\/nurekservice.pl\/#organization\",\"name\":\"NUREK SERVICE Szczecin\",\"url\":\"https:\/\/nurekservice.pl\/\",\"logo\":{\"@type\":\"ImageObject\",\"inLanguage\":\"de\",\"@id\":\"https:\/\/nurekservice.pl\/#\/schema\/logo\/image\/\",\"url\":\"https:\/\/nurekservice.pl\/wp-content\/uploads\/2022\/05\/NUREKSERVICE.png\",\"contentUrl\":\"https:\/\/nurekservice.pl\/wp-content\/uploads\/2022\/05\/NUREKSERVICE.png\",\"width\":1920,\"height\":1080,\"caption\":\"NUREK SERVICE Szczecin\"},\"image\":{\"@id\":\"https:\/\/nurekservice.pl\/#\/schema\/logo\/image\/\"}}]}<\/script>\n<!-- \/ Yoast SEO plugin. -->","yoast_head_json":{"title":"Unsere Zertifikate - NUREK SERVICE Szczecin","robots":{"index":"index","follow":"follow","max-snippet":"max-snippet:-1","max-image-preview":"max-image-preview:large","max-video-preview":"max-video-preview:-1"},"canonical":"https:\/\/nurekservice.pl\/certyfikaty\/","og_locale":"de_DE","og_type":"article","og_title":"Unsere Zertifikate - NUREK SERVICE Szczecin","og_url":"https:\/\/nurekservice.pl\/certyfikaty\/","og_site_name":"NUREK SERVICE Szczecin","article_modified_time":"2024-02-09T13:37:07+00:00","twitter_card":"summary_large_image","schema":{"@context":"https:\/\/schema.org","@graph":[{"@type":"WebPage","@id":"https:\/\/nurekservice.pl\/certyfikaty\/","url":"https:\/\/nurekservice.pl\/certyfikaty\/","name":"Unsere Zertifikate - NUREK SERVICE Szczecin","isPartOf":{"@id":"https:\/\/nurekservice.pl\/#website"},"datePublished":"2022-05-06T10:30:26+00:00","dateModified":"2024-02-09T13:37:07+00:00","breadcrumb":{"@id":"https:\/\/nurekservice.pl\/certyfikaty\/#breadcrumb"},"inLanguage":"de","potentialAction":[{"@type":"ReadAction","target":["https:\/\/nurekservice.pl\/certyfikaty\/"]}]},{"@type":"BreadcrumbList","@id":"https:\/\/nurekservice.pl\/certyfikaty\/#breadcrumb","itemListElement":[{"@type":"ListItem","position":1,"name":"Strona g\u0142\u00f3wna","item":"https:\/\/nurekservice.pl\/"},{"@type":"ListItem","position":2,"name":"Unsere Zertifikate"}]},{"@type":"WebSite","@id":"https:\/\/nurekservice.pl\/#website","url":"https:\/\/nurekservice.pl\/","name":"NUREK SERVICE Szczecin","description":"Zapewniamy najwy\u017cszej klasy us\u0142ugi in\u017cynieryjne, hydrotechniczne i konserwatorskie jednostek p\u0142ywaj\u0105cych, a tak\u017ce specjalistyczne prace nurkowe dopasowane do r\u00f3\u017cnorodnych ga\u0142\u0119zi przemys\u0142u i klient\u00f3w indywidualnych.","publisher":{"@id":"https:\/\/nurekservice.pl\/#organization"},"potentialAction":[{"@type":"SearchAction","target":{"@type":"EntryPoint","urlTemplate":"https:\/\/nurekservice.pl\/?s={search_term_string}"},"query-input":{"@type":"PropertyValueSpecification","valueRequired":true,"valueName":"search_term_string"}}],"inLanguage":"de"},{"@type":"Organization","@id":"https:\/\/nurekservice.pl\/#organization","name":"NUREK SERVICE Szczecin","url":"https:\/\/nurekservice.pl\/","logo":{"@type":"ImageObject","inLanguage":"de","@id":"https:\/\/nurekservice.pl\/#\/schema\/logo\/image\/","url":"https:\/\/nurekservice.pl\/wp-content\/uploads\/2022\/05\/NUREKSERVICE.png","contentUrl":"https:\/\/nurekservice.pl\/wp-content\/uploads\/2022\/05\/NUREKSERVICE.png","width":1920,"height":1080,"caption":"NUREK SERVICE Szczecin"},"image":{"@id":"https:\/\/nurekservice.pl\/#\/schema\/logo\/image\/"}}]}},"_links":{"self":[{"href":"https:\/\/nurekservice.pl\/de\/wp-json\/wp\/v2\/pages\/244","targetHints":{"allow":["GET"]}}],"collection":[{"href":"https:\/\/nurekservice.pl\/de\/wp-json\/wp\/v2\/pages"}],"about":[{"href":"https:\/\/nurekservice.pl\/de\/wp-json\/wp\/v2\/types\/page"}],"author":[{"embeddable":true,"href":"https:\/\/nurekservice.pl\/de\/wp-json\/wp\/v2\/users\/1"}],"replies":[{"embeddable":true,"href":"https:\/\/nurekservice.pl\/de\/wp-json\/wp\/v2\/comments?post=244"}],"version-history":[{"count":12,"href":"https:\/\/nurekservice.pl\/de\/wp-json\/wp\/v2\/pages\/244\/revisions"}],"predecessor-version":[{"id":766,"href":"https:\/\/nurekservice.pl\/de\/wp-json\/wp\/v2\/pages\/244\/revisions\/766"}],"wp:attachment":[{"href":"https:\/\/nurekservice.pl\/de\/wp-json\/wp\/v2\/media?parent=244"}],"curies":[{"name":"wp","href":"https:\/\/api.w.org\/{rel}","templated":true}]}}